{"id":246,"date":"2019-12-19T13:29:00","date_gmt":"2019-12-19T13:29:00","guid":{"rendered":"https:\/\/aro.pansa.pl\/aro-dane-kontaktowe\/"},"modified":"2025-06-10T10:39:34","modified_gmt":"2025-06-10T10:39:34","slug":"aro-dane-kontaktowe","status":"publish","type":"page","link":"https:\/\/www.aro.pansa.pl\/en\/","title":{"rendered":"ARO &#8211; Contact"},"content":{"rendered":"\t\t<div data-elementor-type=\"wp-page\" data-elementor-id=\"246\" class=\"elementor elementor-246 elementor-17\" data-elementor-post-type=\"page\">\n\t\t\t\t<div class=\"elementor-element elementor-element-665e267 e-flex e-con-boxed e-con e-parent\" data-id=\"665e267\" data-element_type=\"container\" data-e-type=\"container\" data-settings=\"{&quot;background_background&quot;:&quot;classic&quot;}\">\n\t\t\t\t\t<div class=\"e-con-inner\">\n\t\t\t\t<div class=\"elementor-element elementor-element-c301def jet-breadcrumbs-on-front-yes elementor-widget elementor-widget-jet-breadcrumbs\" data-id=\"c301def\" data-element_type=\"widget\" data-e-type=\"widget\" data-widget_type=\"jet-breadcrumbs.default\">\n\t\t\t\t<div class=\"elementor-widget-container\">\n\t\t\t\t\t<div class=\"elementor-jet-breadcrumbs jet-blocks\">\n\t\t<div class=\"jet-breadcrumbs\">\n\t\t<div class=\"jet-breadcrumbs__content\">\n\t\t<div class=\"jet-breadcrumbs__wrap\"><div class=\"jet-breadcrumbs__item\"><a href=\"https:\/\/www.aro.pansa.pl\/en\/\" class=\"jet-breadcrumbs__item-link is-home\" rel=\"home\" title=\"Home\">Home<\/a><\/div>\n\t\t<\/div>\n\t\t<\/div>\n\t\t<\/div><\/div>\t\t\t\t<\/div>\n\t\t\t\t<\/div>\n\t\t\t\t\t<\/div>\n\t\t\t\t<\/div>\n\t\t<div class=\"elementor-element elementor-element-dafb39d e-con-custom-container e-flex e-con-boxed e-con e-parent\" data-id=\"dafb39d\" data-element_type=\"container\" data-e-type=\"container\">\n\t\t\t\t\t<div class=\"e-con-inner\">\n\t\t\t\t<div class=\"elementor-element elementor-element-0daa4d1 elementor-widget elementor-widget-heading\" data-id=\"0daa4d1\" data-element_type=\"widget\" data-e-type=\"widget\" data-widget_type=\"heading.default\">\n\t\t\t\t<div class=\"elementor-widget-container\">\n\t\t\t\t\t<h2 class=\"elementor-heading-title elementor-size-default\">FPL and modifying messages and all other enquiries:<\/h2>\t\t\t\t<\/div>\n\t\t\t\t<\/div>\n\t\t\t\t<div class=\"elementor-element elementor-element-df5a501 elementor-widget elementor-widget-text-editor\" data-id=\"df5a501\" data-element_type=\"widget\" data-e-type=\"widget\" data-widget_type=\"text-editor.default\">\n\t\t\t\t<div class=\"elementor-widget-container\">\n\t\t\t\t\t\t\t\t\t<p>telephone number: <strong>+48 22 574-7173<\/strong><br \/>fax number: +48 22 574-7188<br \/>e-mail: <a href=\"mailto:aro@pansa.pl\">aro@pansa.pl<\/a><br \/>AFS address: EPWWZPZX<br \/>MET IMGW: + 48 503-122-805<\/p>\t\t\t\t\t\t\t\t<\/div>\n\t\t\t\t<\/div>\n\t\t<div class=\"elementor-element elementor-element-8d8b24b e-grid e-con-full e-con e-child\" data-id=\"8d8b24b\" data-element_type=\"container\" data-e-type=\"container\">\n\t\t\t\t<div class=\"elementor-element elementor-element-8a3a1fb elementor-widget elementor-widget-text-editor\" data-id=\"8a3a1fb\" data-element_type=\"widget\" data-e-type=\"widget\" data-widget_type=\"text-editor.default\">\n\t\t\t\t<div class=\"elementor-widget-container\">\n\t\t\t\t\t\t\t\t\t<p>ARO Warsaw tel. 22 5747172, 81 4527172, <a href=\"mailto:aro.epwa@pansa.pl\">aro.epwa@pansa.pl<\/a><br \/>ARO Gda\u0144sk 22 5747484, 81 4527484 <a href=\"mailto:aro.epgd@pansa.pl\">aro.epgd@pansa.pl<\/a><br \/>ARO Pozna\u0144 22 5747380, 81 4527380, <a href=\"mailto:aro.eppo@pansa.pl\">aro.eppo@pansa.pl<\/a><br \/>ARO Wroc\u0142aw 22 5747780, 81 45277780, <a href=\"mailto:aro.epwr@pansa.pl\">aro.epwr@pansa.pl<\/a><br \/>ARO Katowice 22 5747880, 81 4527880, <a href=\"mailto:aro.epkt@pansa.pl\">aro.epkt@pansa.pl<\/a><br \/>ARO Krak\u00f3w 22 5747580, 81 4527580, <a href=\"mailto:aro.epkk@pansa.pl\">aro.epkk@pansa.pl<\/a><\/p><p><br \/>*Please contact individual AROs only in exceptional circumstances. The vast majority of changes and enquiries can be reported to the following telephone number: 22 574 71 73, 81 452 71 73. BOZ operates an integrated FPL service system.<\/p>\t\t\t\t\t\t\t\t<\/div>\n\t\t\t\t<\/div>\n\t\t\t\t<div class=\"elementor-element elementor-element-758454e elementor-widget elementor-widget-image\" data-id=\"758454e\" data-element_type=\"widget\" data-e-type=\"widget\" data-widget_type=\"image.default\">\n\t\t\t\t<div class=\"elementor-widget-container\">\n\t\t\t\t\t\t\t\t\t\t\t\t\t\t\t\t<a href=\"https:\/\/aro.pansa.pl\/wp-content\/uploads\/2025\/02\/nowa-mapa-ARO-.png\">\n\t\t\t\t\t\t\t<img fetchpriority=\"high\" decoding=\"async\" width=\"800\" height=\"800\" src=\"https:\/\/www.aro.pansa.pl\/wp-content\/uploads\/2025\/06\/nowa-mapa-ARO--1024x1024.png\" class=\"attachment-large size-large wp-image-1249\" alt=\"\" srcset=\"https:\/\/www.aro.pansa.pl\/wp-content\/uploads\/2025\/06\/nowa-mapa-ARO--1024x1024.png 1024w, https:\/\/www.aro.pansa.pl\/wp-content\/uploads\/2025\/06\/nowa-mapa-ARO--300x300.png 300w, https:\/\/www.aro.pansa.pl\/wp-content\/uploads\/2025\/06\/nowa-mapa-ARO--150x150.png 150w, https:\/\/www.aro.pansa.pl\/wp-content\/uploads\/2025\/06\/nowa-mapa-ARO--768x768.png 768w, https:\/\/www.aro.pansa.pl\/wp-content\/uploads\/2025\/06\/nowa-mapa-ARO--1536x1536.png 1536w, https:\/\/www.aro.pansa.pl\/wp-content\/uploads\/2025\/06\/nowa-mapa-ARO-.png 1760w\" sizes=\"(max-width: 800px) 100vw, 800px\" \/>\t\t\t\t\t\t\t\t<\/a>\n\t\t\t\t\t\t\t\t\t\t\t\t\t\t\t<\/div>\n\t\t\t\t<\/div>\n\t\t\t\t<\/div>\n\t\t\t\t\t<\/div>\n\t\t\t\t<\/div>\n\t\t\t\t<\/div>\n\t\t","protected":false},"excerpt":{"rendered":"<p>Home FPL and modifying messages and all other enquiries: telephone number: +48 22 574-7173fax number: +48 22 574-7188e-mail: aro@pansa.plAFS address: EPWWZPZXMET IMGW: + 48 503-122-805 ARO Warsaw tel. 22 5747172, 81 4527172, aro.epwa@pansa.plARO Gda\u0144sk 22 5747484, 81 4527484 aro.epgd@pansa.plARO Pozna\u0144 22 5747380, 81 4527380, aro.eppo@pansa.plARO Wroc\u0142aw 22 5747780, 81 45277780, aro.epwr@pansa.plARO Katowice 22 5747880, 81 [&hellip;]<\/p>\n","protected":false},"author":13,"featured_media":0,"parent":0,"menu_order":0,"comment_status":"closed","ping_status":"closed","template":"elementor_header_footer","meta":{"footnotes":""},"class_list":["post-246","page","type-page","status-publish","hentry"],"_links":{"self":[{"href":"https:\/\/www.aro.pansa.pl\/en\/wp-json\/wp\/v2\/pages\/246","targetHints":{"allow":["GET"]}}],"collection":[{"href":"https:\/\/www.aro.pansa.pl\/en\/wp-json\/wp\/v2\/pages"}],"about":[{"href":"https:\/\/www.aro.pansa.pl\/en\/wp-json\/wp\/v2\/types\/page"}],"author":[{"embeddable":true,"href":"https:\/\/www.aro.pansa.pl\/en\/wp-json\/wp\/v2\/users\/13"}],"replies":[{"embeddable":true,"href":"https:\/\/www.aro.pansa.pl\/en\/wp-json\/wp\/v2\/comments?post=246"}],"version-history":[{"count":24,"href":"https:\/\/www.aro.pansa.pl\/en\/wp-json\/wp\/v2\/pages\/246\/revisions"}],"predecessor-version":[{"id":1257,"href":"https:\/\/www.aro.pansa.pl\/en\/wp-json\/wp\/v2\/pages\/246\/revisions\/1257"}],"wp:attachment":[{"href":"https:\/\/www.aro.pansa.pl\/en\/wp-json\/wp\/v2\/media?parent=246"}],"curies":[{"name":"wp","href":"https:\/\/api.w.org\/{rel}","templated":true}]}}